{"id":87,"date":"2023-05-25T11:41:07","date_gmt":"2023-05-25T11:41:07","guid":{"rendered":"https:\/\/the-farmers.de\/?page_id=87"},"modified":"2024-01-20T13:51:05","modified_gmt":"2024-01-20T13:51:05","slug":"langwieden","status":"publish","type":"page","link":"https:\/\/the-farmers.de\/de\/langwieden\/","title":{"rendered":"Langwieden"},"content":{"rendered":"<p>[et_pb_section fb_built=\u201d1\u2033 fullwidth=\u201don\u201d disabled_on=\u201doff|off|off\u201d admin_label=\u201dHero\u201d _builder_version=\u201d4.16\u2033 background_color=\u201d#1f1f1f\u201d parallax=\u201don\u201d custom_padding=\u201d|||\u201d transparent_background=\u201dan\u201d global_colors_info=\u201d{}\u201d][et_pb_fullwidth_header title=\u201dLangwieden\u201d text_orientation=\u201dcenter\u201d header_fullscreen=\u201dan\u201d header_scroll_down=\u201dan\u201d scroll_down_icon=\u201d%%0%%\u201d scroll_down_icon_color=\u201d#ffffff\u201d scroll_down_icon_size=\u201d32px\u201d button_one_text=\u201dMen\u00fc anzeigen\u201d button_one_url=\u201d@ET-DC@eyJkeW5hbWljIjp0cnVlLCJjb250ZW50IjoicG9zdF9saW5rX3VybF9wYWdlIiwic2V0dGluZ3MiOnsicG9zdF9pZCI6IjMxOCJ9fQ==@\u201d button_two_text=\u201dReservierungen\u201d button_two_url=\u201d@ET-DC@eyJkeW5hbWljIjp0cnVlLCJjb250ZW50IjoicG9zdF9saW5rX3VybF9wYWdlIiwic2V0dGluZ3MiOnsicG9zdF9pZCI6IjI5MyJ9fQ==@\u201d Hintergrundfarbe der \u00dcberlagerung=\u201drgba(31,31,31,0.8)\u201d Untertitelfarbe=\u201d#bebebe\u201d _builder_version=\u201d4.24.0\u2033 _dynamic_attributes=\u201dbutton_two_url,button_one_url\u201d Titelschriftart=\u201dPlayfair-Anzeige||||\u201d Titeltextfarbe = \u201e#ffffff\u201c Titelschriftgr\u00f6\u00dfe = \u201e72px\u201c Titelzeilenh\u00f6he = \u201e1,3em\u201c Inhaltsschrift = \u201eMontserrat\u201c ||||\u201c Inhaltstextfarbe = \u201e#bfbfbf\u201c Inhaltsschriftgr\u00f6\u00dfe = \u201e19px\u201c Inhaltszeilenh\u00f6he = \u201e1,8em\u201c Untertitelschrift = \u201eMontserrat\u201c ||||\u201c subhead_text_color=\u201d#bebebe\u201d subhead_line_height=\u201d1.8em\u201d background_color=\u201drgba(255, 255, 255, 0)\u201d background_image=\u201dhttps:\/\/the-farmers.de\/wp-content\/uploads\/2023\/05\/langwieder-outside.jpg\u201d custom_button_one=\u201dan\u201d button_one_text_size=\u201d15px\u201d button_one_text_color=\u201d#ffffff\u201d button_one_border_width=\u201d2px\u201d button_one_border_color=\u201d#ffffff\u201d button_one_border_radius=\u201d0px\u201d button_one_letter_spacing=\u201d1px\u201d button_one_font=\u201dMontserrat|||an|\u201d button_one_use_icon=\u201daus\u201d custom_button_two=\u201dan\u201d button_two_text_size=\u201d15px\u201d button_two_text_color=\u201d#ffffff\u201d button_two_bg_color=\u201d#c39d63\u2033 button_two_border_width=\u201d2px\u201d button_two_border_color=\u201d#c39d63\u2033 button_two_border_radius=\u201d0px\u201d button_two_letter_spacing=\u201d1px\u201d button_two_font=\u201d|||an|||||\u201d button_two_use_icon=\u201daus\u201d animation_style=\u201dzoom\u201d animation_duration=\u201d1500ms\u201d animation_intensity_zoom=\u201d4%\u201d hover_enabled=\u201d0\u2033 title_line_height_last_edited=\u201daus|desktop\u201d button_one_border_radius_hover=\u201d0px\u201d button_one_letter_spacing_hover=\u201d1px\u201d button_two_letter_spacing_hover=\u201d1px\u201d global_colors_info=\u201d{}\u201d button_one_text_size__hover_enabled=\u201daus\u201d button_two_text_size__hover_enabled=\u201daus\u201d button_one_text_color__hover_enabled=\u201daus\u201d button_two_text_color__hover_enabled=\u201daus\u201d button_one_border_width__hover_enabled=\u201daus\u201d button_two_border_width__hover_enabled=\u201daus\u201d button_one_border_color__hover_enabled=\u201daus\u201d button_two_border_color__hover_enabled=\u201daus\u201d button_one_border_radius__hover_enabled=\u201dan\u201d button_one_border_radius__hover=\u201d0px\u201d button_two_border_radius__hover_enabled=\u201daus\u201d button_one_letter_spacing__hover_enabled=\u201dan\u201d button_one_letter_spacing__hover=\u201d1px\u201d button_two_letter_spacing__hover_enabled=\u201dan\u201d button_two_letter_spacing__hover=\u201d1px\u201d button_one_bg_color__hover_enabled=\u201daus\u201d button_two_bg_color__hover_enabled=\u201daus\u201d sticky_enabled=\u201d0\u2033]<\/p>\n<p>&nbsp;<\/p>\n<p>Unser Restaurant Langwieden ist ein besonderer Ort. Es bietet ein \"deutsches Heimatgef\u00fchl\", gem\u00fctlich mit einem Kamin im Winter und einem \"Rittersaal\" und Au\u00dfenpl\u00e4tzen im Sommer.<\/p>\n<p>&nbsp;<\/p>\n<p>[\/et_pb_fullwidth_header][\/et_pb_section][et_pb_section fb_built=\u201d1\u2033 admin_label=\u201dUnsere Neuigkeiten und Veranstaltungen\u201d _builder_version=\u201d4.16\u2033 background_color=\u201drgba(0,0,0,0.03)\u201d custom_padding=\u201d100px|0px|100px|0px\u201d collapsed=\u201doff\u201d global_colors_info=\u201d{}\u201d][et_pb_row _builder_version=\u201d4.16\u2033 background_size=\u201dinitial\u201d background_position=\u201dtop_left\u201d background_repeat=\u201drepeat\u201d custom_padding=\u201d27px|0px|27px|0px\u201d global_colors_info=\u201d{}\u201d][et_pb_column type=\u201d4_4\u2033 _builder_version=\u201d4.16\u2033 custom_padding=\u201d|||\u201d global_colors_info=\u201d{}\u201d custom_padding__hover=\u201d|||\u201d][et_pb_text _builder_version=\u201d4.16\u2033 text_font=\u201d||||||||\u201d header_font=\u201d||||||||\u201d header_3_font=\u201dMontserrat|700||on|||||\u201d header_3_text_color=\u201d#bfbfbf\u201d header_3_font_size=\u201d14px\u201d header_3_letter_spacing=\u201d2px\u201d header_3_line_height=\u201d1.3em\u201d background_size=\u201dinitial\u201d background_position=\u201doben_links\u201d background_repeat=\u201dwiederholen\u201d text_orientation=\u201dmitte\u201d module_alignment=\u201dmitte\u201d custom_margin=\u201d||12px|\u201d benutzerdefinierte_Auff\u00fcllung=\u201d|||\u201d Animationsstil = \u201eFolie\u201c Animationsrichtung = \u201eunten\u201c gespeicherte Registerkarten = \u201ealle\u201c gesperrt = \u201eaus\u201c globale Farbinfo = \u201e{}\u201c Textbuchstabenabstand__hover = \u201e0px\u201c Textbuchstabenabstand__hover_aktiviert = \u201e0px\u201c Textzeilenh\u00f6he__hover = \u201e1,7em\u201c Textzeilenh\u00f6he__hover_aktiviert = \u201e1,7em\u201c Textorientierung__hover = \u201elinks\u201c Textorientierung__hover_aktiviert = \u201elinks\u201c Textschriftgr\u00f6\u00dfe__hover = \u201e14px\u201c Textschriftgr\u00f6\u00dfe__hover_aktiviert = \u201e14px\u201c Texttextschattenstil__hover = \u201ekeine\u201c Texttextschattenstil__hover_aktiviert = \u201ekeine\u201c Texttextschattenfarbe__hover = \u201ergba (0,0,0,0,4)\u201c text_text_shadow_color__hover_enabled=\u201drgba(0,0,0,0.4)\u201d link_font_size__hover_enabled=\u201d14px\u201d link_font_size__hover_enabled=\u201d14px\u201d link_letter_spacing__hover=\u201d0px\u201d link_letter_spacing__hover_enabled=\u201d0px\u201d link_line_height__hover=\u201d1em\u201d link_line_height__hover_enabled=\u201d1em\u201d link_text_shadow_style__hover=\u201dkeine\u201d link_text_shadow_style__hover_enabled=\u201dkeine\u201d link_text_shadow_color__hover=\u201drgba(0,0,0,0.4)\u201d link_text_shadow_color__hover_enabled=\u201drgba(0,0,0,0.4)\u201d ul_font_size__hover=\u201d14px\u201d ul_font_size__hover_enabled=\u201d14px\u201d ul_letter_spacing__hover=\u201d0px\u201d ul_letter_spacing__hover_enabled=\u201d0px\u201d ul_line_height__hover=\u201d1em\u201d ul_line_height__hover_enabled=\u201d1em\u201d ul_text_shadow_style__hover=\u201dkeine\u201d ul_text_shadow_style__hover_enabled=\u201dkeine\u201d ul_text_shadow_color__hover=\u201drgba(0,0,0,0.4)\u201d ul_text_shadow_color__hover_enabled=\u201drgba(0,0,0,0.4)\u201d ol_font_size__hover=\u201d14px\u201d ol_font_size__hover_enabled=\u201d14px\u201d ol_letter_spacing__hover=\u201d0px\u201d ol_letter_spacing__hover_enabled=\u201d0px\u201d ol_line_height__hover=\u201d1em\u201d ol_line_height__hover_enabled=\u201d1em\u201d ol_text_shadow_style__hover=\u201dkeine\u201d ol_text_shadow_style__hover_enabled=\u201dkeine\u201d ol_text_shadow_color__hover=\u201drgba(0,0,0,0.4)\u201d ol_text_shadow_color__hover_enabled=\u201drgba(0,0,0,0.4)\u201d quote_font_size__hover=\u201d14px\u201d quote_font_size__hover_enabled=\u201d14px\u201d quote_letter_spacing__hover=\u201d0px\u201d quote_letter_spacing__hover_enabled=\u201d0px\u201d quote_line_height__hover=\u201d1em\u201d quote_line_height__hover_enabled=\u201d1em\u201d quote_text_shadow_style__hover=\u201dkeine\u201d quote_text_shadow_style__hover_enabled=\u201dkeine\u201d quote_text_shadow_color__hover=\u201drgba(0,0,0,0.4)\u201d quote_text_shadow_color__hover_enabled=\u201drgba(0,0,0,0.4)\u201d background_layout__hover=\u201dhell\u201d background_layout__hover_enabled=\u201dhell\u201d]<\/p>\n<h3>Nicht verpassen<\/h3>\n<p>[\/et_pb_text][et_pb_divider show_divider=\u201coff\u201c _builder_version=\u201c4.16\u2033 max_width=\u201c60px\u201c module_alignment=\u201ccenter\u201c custom_margin=\u201c||10px|\u201c gespeicherte_tabs=\u201calle\u201c gesperrt=\u201caus\u201c global_colors_info=\u201c{}\u201c][\/et_pb_divider][et_pb_text _builder_version=\u201c4.16\u2033 text_font=\u201c||||||||\u201c header_font=\u201c||||||||\u201c header_2_font=\u201cPlayfair-Anzeige||||\u201c header_2_font_size=\u201c48px\u201c header_2_line_height=\u201c1.3em\u201c background_size=\u201cinitial\u201c background_position=\u201ctop_left\u201c background_repeat=\u201crepeat\u201c text_orientation=\u201ccenter\u201c Locked=\u201coff\u201c global_colors_info=\u201c{}\u201c header_font_size__hover=\u201c30px\u201c header_font_size__hover_enabled=\u201c 30px\u201c header_letter_spacing__hover=\u201c0px\u201c header_letter_spacing__hover_enabled=\u201c0px\u201c header_text_shadow_style__hover=\u201cnone\u201c header_text_shadow_style__hover_enabled=\u201cnone\u201c header_text_shadow_color__hover=\u201crgba(0,0,0,0.4)\u201c header_text_shadow_color__hover_enabled =\u201crgba(0,0,0,0.4)\u201c ]<\/p>\n<h2>Unsere Neuigkeiten und Veranstaltungen<\/h2>\n<p>[\/et_pb_text][\/et_pb_column][\/et_pb_row][et_pb_row _builder_version=\u201d4.16\u2033 Hintergrundgr\u00f6\u00dfe=\u201dinitial\u201d Hintergrundposition=\u201doben_links\u201d Hintergrundwiederholung=\u201dwiederholen\u201d max_width=\u201d1280px\u201d benutzerdefinierte_Aufzeichnung=\u201d|||\u201d use_custom_width=\u201don\u201d benutzerdefinierte_Aufzeichnung_px=\u201d1280px\u201d global_colors_info=\u201d{}\u201d][et_pb_column Typ=\u201d4_4\u2033 _builder_version=\u201d4.16\u2033 benutzerdefinierte_Aufzeichnung=\u201d|||\u201d global_colors_info=\u201d{}\u201d custom_padding__hover=\u201d|||\u201d][et_pb_blog fullwidth=\u201daus\u201d posts_number=\u201d3\u2033 include_categories=\u201d30,29\u2033 show_author=\u201daus\u201d show_date=\u201daus\u201d show_pagination=\u201daus\u201d _builder_version=\u201d4.16\u2033 header_font=\u201dMontserrat||||\u201d header_text_color=\u201d#1f1f1f\u201d header_font_size=\u201d18px\u201d body_font=\u201dMontserrat||||\u201d body_text_color=\u201d#999999\u2033 body_font_size=\u201d15px\u201d body_line_height=\u201d1.8em\u201d meta_font=\u201dMontserrat|on||on|\u201d meta_text_color=\u201d#c39d63\u2033 meta_font_size=\u201d11px\u201d meta_letter_spacing=\u201d2px\u201d meta_line_height=\u201d1.9em\u201d pagination_font=\u201dMontserrat||||\u201d pagination_text_color=\u201d#c39d63\u2033 border_width_all=\u201d0px\u201d border_color_all=\u201d#d8d8d8\u2033 border_style_all=\u201dsolid\u201d border_width_all_fullwidth=\u201d0px\u201d border_color_all_fullwidth=\u201d#d8d8d8\u2033 border_style_all_fullwidth=\u201dsolid\u201d use_border_color=\u201don\u201d border_width=\u201d0px\u201d global_colors_info=\u201d{}\u201d][\/et_pb_blog][et_pb_button button_text=\u201dWeiterlesen\u201d button_alignment=\u201dcenter\u201d _builder_version=\u201d4.16\u2033 custom_button=\u201don\u201d button_text_size=\u201d15px\u201d button_text_color=\u201d#ffffff\u201d button_bg_color=\u201d#c39d63\u2033 button_border_width=\u201d2px\u201d button_border_color=\u201d#c39d63\u2033 button_border_radius=\u201d0px\u201d button_letter_spacing=\u201d2px\u201d button_font=\u201dMontserrat|||auf|\u201d button_use_icon=\u201daus\u201d animation_style=\u201dzoom\u201d animation_intensity_zoom=\u201d20%\u201d button_letter_spacing_hover=\u201d2px\u201d gesperrt=\u201daus\u201d global_colors_info=\u201d{}\u201d button_text_size__hover_enabled=\u201daus\u201d button_one_text_size__hover_enabled=\u201daus\u201d button_two_text_size__hover_enabled=\u201daus\u201d button_text_color__hover_enabled=\u201daus\u201d button_one_text_color__hover_enabled=\u201daus\u201d button_two_text_color__hover_enabled=\u201daus\u201d button_border_width__hover_enabled=\u201daus\u201d button_one_border_width__hover_enabled=\u201daus\u201d button_two_border_width__hover_enabled=\u201daus\u201d button_border_color__hover_enabled=\u201daus\u201d button_one_border_color__hover_enabled=\u201daus\u201d button_two_border_color__hover_enabled=\u201daus\u201d button_border_radius__hover_enabled=\u201daus\u201d button_one_border_radius__hover_enabled=\u201daus\u201d button_two_border_radius__hover_enabled=\u201daus\u201d button_letter_spacing__hover_enabled=\u201dan\u201d button_letter_spacing__hover=\u201d2px\u201d button_one_letter_spacing__hover_enabled=\u201daus\u201d button_two_letter_spacing__hover_enabled=\u201daus\u201d button_bg_color__hover_enabled=\u201daus\u201d button_one_bg_color__hover_enabled=\u201daus\u201d button_two_bg_color__hover_enabled=\u201doff\u201d][\/et_pb_button][\/et_pb_column][\/et_pb_row][\/et_pb_section][et_pb_section fb_built=\u201d1\u2033 admin_label=\u201dKontaktieren Sie uns\u201d _builder_version=\u201d4.16\u2033 background_color=\u201drgba(0,0,0,0.75)\u201d background_image=\u201dhttps:\/\/the-farmers.de\/wp-content\/uploads\/2023\/05\/restaurant-hero-03.jpg\u201d background_blend=\u201dcolor\u201d custom_padding=\u201d100px|0px|100px|0px\u201d locked=\u201doff\u201d collapsed=\u201doff\u201d global_colors_info=\u201d{}\u201d][et_pb_row column_structure=\u201d1_2,1_2\u2033 make_equal=\u201don\u201d _builder_version=\u201d4.16\u2033 Hintergrundgr\u00f6\u00dfe=\u201dinitial\u201d Hintergrundposition=\u201doben_links\u201d Hintergrundwiederholung=\u201dwiederholen\u201d max_width=\u201d1280px\u201d benutzerdefinierter Rand=\u201d|||\u201d benutzerdefinierte Polsterung=\u201d|||\u201d use_custom_width=\u201dein\u201d custom_width_px=\u201d1280px\u201d global_colors_info=\u201d{}\u201d][et_pb_column Typ=\u201d1_2\u2033 _builder_version=\u201d4.16\u2033 Hintergrundfarbe=\u201d#1f1f1f\u201d benutzerdefiniertes_Padding=\u201d100px|5%|100px|5%\u201d global_colors_info=\u201d{}\u201d benutzerdefiniertes_Padding__hover=\u201d|||\u201d][et_pb_text _builder_version=\u201d4.16\u2033 Textfont=\u201dPlayfair-Anzeige||||\u201d Textfont_size=\u201d30px\u201d Textzeilenh\u00f6he=\u201d1,3em\u201d Headerfont=\u201d||||||||\u201d Header_3_font=\u201dPlayfair-Anzeige||||||||\u201d header_3_font_size=\u201d30px\u201d header_3_line_height=\u201d1.3em\u201d background_size=\u201dinitial\u201d background_position=\u201doben_links\u201d background_repeat=\u201dwiederholen\u201d text_orientation=\u201dzentriert\u201d background_layout=\u201ddunkel\u201d max_width=\u201d400px\u201d module_alignment=\u201dzentriert\u201d custom_padding=\u201d||30px|\u201d global_colors_info=\u201d{}\u201d]<\/p>\n<h3>\u00d6ffnungszeiten<\/h3>\n<p>[\/et_pb_text][et_pb_text _builder_version=\u201d4.16\u2033 text_font=\u201dMontserrat||||\u201d text_text_color=\u201d#ffffff\u201d text_font_size=\u201d15px\u201d text_letter_spacing=\u201d1px\u201d text_line_height=\u201d1.9em\u201d background_size=\u201dinitial\u201d background_position=\u201doben_links\u201d background_repeat=\u201dwiederholen\u201d text_orientation=\u201dmitte\u201d module_alignment=\u201dmitte\u201d custom_margin=\u201d12px||12px|\u201d animation_style=\u201dzoom\u201d animation_intensity_zoom=\u201d20%\u201d global_colors_info=\u201d{}\u201d]<\/p>\n<p><strong>MO \u2013 FR<br \/><\/strong><span style=\"font-size: 15px;\">10:00 \u2013 13:00 Uhr<br \/>16:00 \u2013 22:30 Uhr<\/span><\/p>\n<p>[\/et_pb_text][et_pb_divider show_divider=&#8221;off&#8221; disabled_on=&#8221;on|on|off%22%22%22%22&#8243; _builder_version=&#8221;4.16&#8243; max_width=&#8221;400px&#8221; module_alignment=&#8221;center&#8221; height=&#8221;2px&#8221; custom_margin=&#8221;||0px|&#8221; custom_padding=&#8221;|||&#8221; animation_style=&#8221;zoom&#8221; animation_intensity_zoom=&#8221;20%&#8221; global_colors_info=&#8221;{}&#8221;][\/et_pb_divider][et_pb_text _builder_version=&#8221;4.16&#8243; text_font=&#8221;Montserrat||||&#8221; text_text_color=&#8221;#ffffff&#8221; text_font_size=&#8221;15px&#8221; text_letter_spacing=&#8221;1px&#8221; text_line_height=&#8221;1.9em&#8221; background_size=&#8221;initial&#8221; background_position=&#8221;top_left&#8221; background_repeat=&#8221;repeat&#8221; text_orientation=&#8221;center&#8221; module_alignment=&#8221;center&#8221; custom_margin=&#8221;12px||12px|&#8221; animation_style=&#8221;zoom&#8221; animation_intensity_zoom=&#8221;20%&#8221; locked=&#8221;off&#8221; global_colors_info=&#8221;{}&#8221;]<\/p>\n<p><strong>SA<br \/><\/strong><span style=\"font-size: 15px;\">15:00 \u2013 22:30 Uhr<\/span><\/p>\n<p>[\/et_pb_text][et_pb_divider show_divider=&#8221;off&#8221; disabled_on=&#8221;on|on|off%22%22%22%22&#8243; _builder_version=&#8221;4.16&#8243; max_width=&#8221;400px&#8221; module_alignment=&#8221;center&#8221; height=&#8221;2px&#8221; custom_margin=&#8221;||0px|&#8221; custom_padding=&#8221;|||&#8221; animation_style=&#8221;zoom&#8221; animation_intensity_zoom=&#8221;20%&#8221; locked=&#8221;off&#8221; global_colors_info=&#8221;{}&#8221;][\/et_pb_divider][et_pb_text _builder_version=&#8221;4.16&#8243; text_font=&#8221;Montserrat||||&#8221; text_text_color=&#8221;#ffffff&#8221; text_font_size=&#8221;15px&#8221; text_letter_spacing=&#8221;1px&#8221; text_line_height=&#8221;1.9em&#8221; background_size=&#8221;initial&#8221; background_position=&#8221;top_left&#8221; background_repeat=&#8221;repeat&#8221; text_orientation=&#8221;center&#8221; module_alignment=&#8221;center&#8221; custom_margin=&#8221;12px||12px|&#8221; animation_style=&#8221;zoom&#8221; animation_intensity_zoom=&#8221;20%&#8221; locked=&#8221;off&#8221; global_colors_info=&#8221;{}&#8221;]<\/p>\n<p><span style=\"font-size: 15px;\"><b>SONNE<br \/><\/b><\/span><span style=\"font-size: 15px;\">Wir haben geschlossen<\/span><\/p>\n<p>[\/et_pb_text][et_pb_button button_text=\u201dReservierung vornehmen\u201d button_alignment=\u201dcenter\u201d _builder_version=\u201d4.16\u2033 custom_button=\u201don\u201d button_text_size=\u201d15px\u201d button_text_color=\u201d#ffffff\u201d button_bg_color=\u201d#c39d63\u2033 button_border_width=\u201d2px\u201d button_border_color=\u201d#c39d63\u2033 button_border_radius=\u201d0px\u201d button_letter_spacing=\u201d2px\u201d button_font=\u201dMontserrat|||on|\u201d button_use_icon=\u201doff\u201d custom_margin=\u201d30px|||\u201d button_border_radius_hover=\u201d0px\u201d button_letter_spacing_hover=\u201d2px\u201d global_colors_info=\u201d{}\u201d button_text_size__hover_enabled=\u201daus\u201d button_one_text_size__hover_enabled=\u201daus\u201d button_two_text_size__hover_enabled=\u201daus\u201d button_text_color__hover_enabled=\u201daus\u201d button_one_text_color__hover_enabled=\u201daus\u201d button_two_text_color__hover_enabled=\u201daus\u201d button_border_width__hover_enabled=\u201daus\u201d button_one_border_width__hover_enabled=\u201daus\u201d button_two_border_width__hover_enabled=\u201daus\u201d button_border_color__hover_enabled=\u201daus\u201d button_one_border_color__hover_enabled=\u201daus\u201d button_two_border_color__hover_enabled=\u201daus\u201d button_border_radius__hover_enabled=\u201dan\u201d button_border_radius__hover=\u201d0px\u201d button_one_border_radius__hover_enabled=\u201daus\u201d button_two_border_radius__hover_enabled=\u201daus\u201d button_letter_spacing__hover_enabled=\u201dan\u201d button_letter_spacing__hover=\u201d2px\u201d button_one_letter_spacing__hover_enabled=\u201daus\u201d button_two_letter_spacing__hover_enabled=\u201daus\u201d button_bg_color__hover_enabled=\u201daus\u201d button_one_bg_color__hover_enabled=\u201daus\u201d button_two_bg_color__hover_enabled=\u201daus\u201d][\/et_pb_button][\/et_pb_column][et_pb_column Typ=\u201d1_2\u2033 _builder_version=\u201d4.16\u2033 Hintergrundfarbe=\u201d#1f1f1f\u201d benutzerdefiniertes_Padding=\u201d100px|5%|100px|5%\u201d global_colors_info=\u201d{}\u201d benutzerdefiniertes_Padding__hover=\u201d|||\u201d][et_pb_text _builder_version=\u201d4.16\u2033 Textschriftart=\u201dMontserrat||||\u201d text_text_color=\u201drgba(255,255,255,0.8)\u201d text_font_size=\u201d17px\u201d text_line_height=\u201d1.8em\u201d header_font=\u201d||||||||\u201d header_font_size=\u201d24px\u201d header_3_font=\u201d||||||||\u201d background_size=\u201dinitial\u201d background_position=\u201doben_links\u201d background_repeat=\u201dwiederholen\u201d text_orientation=\u201dzentriert\u201d background_layout=\u201ddunkel\u201d module_alignment=\u201dzentriert\u201d global_colors_info=\u201d{}\u201d]<\/p>\n<h3>Melden Sie sich<\/h3>\n<p>Seien Sie nicht sch\u00fcchtern. Lassen Sie es uns wissen, wenn Sie Fragen haben!<\/p>\n<p>[\/et_pb_text][et_pb_button button_text=\u201dKontaktieren Sie uns\u201d button_alignment=\u201dcenter\u201d disabled_on=\u201doff|off|off\u201d _builder_version=\u201d4.16\u2033 custom_button=\u201don\u201d button_text_size=\u201d15px\u201d button_text_color=\u201d#ffffff\u201d button_bg_color=\u201d#c39d63\u2033 button_border_width=\u201d2px\u201d button_border_color=\u201d#c39d63\u2033 button_border_radius=\u201d0px\u201d button_letter_spacing=\u201d2px\u201d button_font=\u201dMontserrat|||on|\u201d button_use_icon=\u201doff\u201d custom_margin=\u201d||80px|\u201d button_border_radius_hover=\u201d0px\u201d button_letter_spacing_hover=\u201d2px\u201d gesperrt=\u201daus\u201d global_colors_info=\u201d{}\u201d button_text_size__hover_enabled=\u201daus\u201d button_one_text_size__hover_enabled=\u201daus\u201d button_two_text_size__hover_enabled=\u201daus\u201d button_text_color__hover_enabled=\u201daus\u201d button_one_text_color__hover_enabled=\u201daus\u201d button_two_text_color__hover_enabled=\u201daus\u201d button_border_width__hover_enabled=\u201daus\u201d button_one_border_width__hover_enabled=\u201daus\u201d button_two_border_width__hover_enabled=\u201daus\u201d button_border_color__hover_enabled=\u201daus\u201d button_one_border_color__hover_enabled=\u201daus\u201d button_two_border_color__hover_enabled=\u201daus\u201d button_border_radius__hover_enabled=\u201dan\u201d button_border_radius__hover=\u201d0px\u201d button_one_border_radius__hover_enabled=\u201daus\u201d button_two_border_radius__hover_enabled=\u201daus\u201d button_letter_spacing__hover_enabled=\u201dan\u201d button_letter_spacing__hover=\u201d2px\u201d button_one_letter_spacing__hover_enabled=\u201daus\u201d button_two_letter_spacing__hover_enabled=\u201daus\u201d button_bg_color__hover_enabled=\u201daus\u201d button_one_bg_color__hover_enabled=\u201daus\u201d button_two_bg_color__hover_enabled=\u201daus\u201d][\/et_pb_button][et_pb_signup mailchimp_list=\u201dMailChimp|03dac884f0\u2033 title=\u201dUnser Newsletter\u201d button_text=\u201dKontakt\u201d description=\u201d<\/p>\n<p>Der Dialog ist ein wesentlicher Bestandteil jedes Drehbuchs<\/p>\n<p>\u201d _builder_version=\u201d4.16\u2033 form_field_background_color=\u201d#111111\u2033 form_field_text_color=\u201d#ffffff\u201d form_field_focus_background_color=\u201d#111111\u2033 form_field_focus_text_color=\u201d#ffffff\u201d header_level=\u201dh3\u2033 header_font=\u201dMontserrat||||\u201d header_text_color=\u201d#ffffff\u201d header_font_size=\u201d24px\u201d header_line_height=\u201d1.8em\u201d body_font=\u201dMontserrat||||\u201d body_text_color=\u201drgba(255,255,255,0.8)\u201d body_font_size=\u201d17px\u201d body_line_height=\u201d1.8em\u201d use_background_color=\u201daus\u201d custom_button=\u201dan\u201d button_text_size=\u201d15px\u201d button_text_color=\u201d#ffffff\u201d button_bg_color=\u201d#c39d63\u2033 button_border_width=\u201d3px\u201d button_border_color=\u201d#c39d63\u2033 button_border_radius=\u201d0px\u201d button_letter_spacing=\u201d2px\u201d button_font=\u201dMontserrat|||an|\u201d button_use_icon=\u201daus\u201d text_orientation=\u201dmitte\u201d custom_margin=\u201d|||\u201d custom_padding=\u201d|||\u201d result_message_font_size_tablet=\u201d51\u2033 result_message_line_height_tablet=\u201d2\u2033 button_border_radius_hover=\u201d0px\u201d button_letter_spacing_hover=\u201d2px\u201d focus_background_color=\u201d#111111\u2033 focus_text_color=\u201d#ffffff\u201d global_colors_info=\u201d{}\u201d button_text_size__hover_enabled=\u201daus\u201d button_one_text_size__hover_enabled=\u201daus\u201d button_two_text_size__hover_enabled=\u201daus\u201d button_text_color__hover_enabled=\u201daus\u201d button_one_text_color__hover_enabled=\u201daus\u201d button_two_text_color__hover_enabled=\u201daus\u201d button_border_width__hover_enabled=\u201daus\u201d button_one_border_width__hover_enabled=\u201daus\u201d button_two_border_width__hover_enabled=\u201daus\u201d button_border_color__hover_enabled=\u201daus\u201d button_one_border_color__hover_enabled=\u201daus\u201d button_two_border_color__hover_enabled=\u201daus\u201d button_border_radius__hover_enabled=\u201dan\u201d button_border_radius__hover=\u201d0px\u201d button_one_border_radius__hover_enabled=\u201daus\u201d button_two_border_radius__hover_enabled=\u201daus\u201d button_letter_spacing__hover_enabled=\u201dan\u201d button_letter_spacing__hover=\u201d2px\u201d button_one_letter_spacing__hover_enabled=\u201daus\u201d button_two_letter_spacing__hover_enabled=\u201daus\u201d button_bg_color__hover_enabled=\u201daus\u201d button_one_bg_color__hover_enabled=\u201daus\u201d button_two_bg_color__hover_enabled=\u201daus\u201d]<\/p>\n<p>Der Dialog ist ein wesentlicher Bestandteil jedes Drehbuchs<\/p>\n<p>[\/et_pb_signup][\/et_pb_column][\/et_pb_row][\/et_pb_section]<\/p>","protected":false},"excerpt":{"rendered":"<p>&nbsp; Unser Restaurant Langwieden ist ein besonderer Ort. Es bietet ein gem\u00fctliches Ambiente im \u201edeutschen Stil\u201c: Im Winter mit Kaminfeuer und im Sommer mit Ritterzimmer und Au\u00dfensitzpl\u00e4tzen. Nicht verpassen! Unsere Neuigkeiten und Veranstaltungen. \u00d6ffnungszeiten: MO \u2013 FR 10:00 \u2013 13:00 Uhr, 16:00 \u2013 22:30 Uhr, SA 15:00 \u2013 22:30 Uhr, SO Wir haben geschlossen. Schreiben Sie uns. Nicht [\u2026]<\/p>","protected":false},"author":1,"featured_media":0,"parent":0,"menu_order":0,"comment_status":"closed","ping_status":"closed","template":"","meta":{"_et_pb_use_builder":"on","_et_pb_old_content":"<!-- wp:divi\/placeholder \/-->","_et_gb_content_width":"","footnotes":""},"class_list":["post-87","page","type-page","status-publish","hentry"],"_links":{"self":[{"href":"https:\/\/the-farmers.de\/de\/wp-json\/wp\/v2\/pages\/87","targetHints":{"allow":["GET"]}}],"collection":[{"href":"https:\/\/the-farmers.de\/de\/wp-json\/wp\/v2\/pages"}],"about":[{"href":"https:\/\/the-farmers.de\/de\/wp-json\/wp\/v2\/types\/page"}],"author":[{"embeddable":true,"href":"https:\/\/the-farmers.de\/de\/wp-json\/wp\/v2\/users\/1"}],"replies":[{"embeddable":true,"href":"https:\/\/the-farmers.de\/de\/wp-json\/wp\/v2\/comments?post=87"}],"version-history":[{"count":13,"href":"https:\/\/the-farmers.de\/de\/wp-json\/wp\/v2\/pages\/87\/revisions"}],"predecessor-version":[{"id":470,"href":"https:\/\/the-farmers.de\/de\/wp-json\/wp\/v2\/pages\/87\/revisions\/470"}],"wp:attachment":[{"href":"https:\/\/the-farmers.de\/de\/wp-json\/wp\/v2\/media?parent=87"}],"curies":[{"name":"wp","href":"https:\/\/api.w.org\/{rel}","templated":true}]}}