{"id":343,"date":"2023-07-21T07:40:03","date_gmt":"2023-07-21T07:40:03","guid":{"rendered":"https:\/\/the-farmers.de\/disclaimer\/"},"modified":"2023-07-21T09:12:54","modified_gmt":"2023-07-21T09:12:54","slug":"disclaimer","status":"publish","type":"page","link":"https:\/\/the-farmers.de\/de\/disclaimer\/","title":{"rendered":"Haftungsausschluss"},"content":{"rendered":"<!-- Legal document generated by Complianz | GDPR\/CCPA Cookie Consent https:\/\/wordpress.org\/plugins\/complianz-gdpr -->\n<div id=\"cmplz-document\" class=\"cmplz-document disclaimer cmplz-document-all\"><p>Ovidiu Cracut ist dazu verpflichtet, diese Website aktuell und akkurat zu halten. Solltest du dennoch auf irgendetwas sto\u00dfen, das veraltet oder inkorrekt ist, w\u00fcrden wir es sch\u00e4tzen, wenn du es uns wissen l\u00e4sst. Bitte weise darauf hin, wo du auf der Seite die Information gelesen hast. Wir werden uns dann so schnell wie m\u00f6glich darum k\u00fcmmern. Bitte sende deine R\u00fcckmeldung an: &#105;n&#102;o&#064;&#116;&#104;&#101;&#045;farm&#101;r&#115;.&#100;e.<\/p><p>Per E-Mail oder mittels eines Internetformulars werden Antworten und Datenschutzanfragen in gleicher Weise wie Briefe behandelt. Dies bedeutet, dass du sp\u00e4testens innerhalb eines Monats mit einer Antwort von uns rechnen kannst. Im Falle umfangreicherer Anfragen werden wir dich innerhalb eines Monats wissen lassen, ob wir ein Maximum von drei Monaten ben\u00f6tigen.<\/p><p>Jegliche pers\u00f6nliche Informationen, welche Sie uns innerhalb des Kontexts Ihrer Antwort oder Ihres Antrags zur Verf\u00fcgung stellen, werden ausschlie\u00dflich gem\u00e4\u00df unserer Datenschutzerkl\u00e4rung genutzt.<\/p><p>Ovidiu Cracut wird jede angemessene Ma\u00dfnahme ergreifen, um sein System gegen jede Form unrechtm\u00e4\u00dfiger Nutzung zu sch\u00fctzen. Ovidiu Cracut wird geeignete Technologien und organisatorische Ma\u00dfnahmen zu diesem Zweck, unter Ber\u00fccksichtigung des aktuellen Standes der Technik, einf\u00fchren. Es ist jedoch nicht verantwortlich f\u00fcr direkte und\/oder indirekte Verluste jeglicher Art, welche bei einem Benutzer der Website auftreten, die der unrechtm\u00e4\u00dfigen Nutzung des Systems von Drittanbietern entspringt.<\/p><p>Ovidiu Cracut \u00fcbernimmt keine Verantwortung f\u00fcr den Inhalt von Websites, zu denen oder von denen ein Hyperlink oder ein anderer Verweis f\u00fchrt. Produkte oder Serviceleistungen, die von Drittanbietern angeboten werden, werden nach entsprechenden Bedingungen und Konditionen Dritter behandelt.<\/p><p>Unsere Mitarbeiter geben sich alle M\u00fche, den Zugriff auf unsere Website zu gew\u00e4hrleisten und st\u00e4ndig zu verbessern. Ebenso f\u00fcr Personen, die aufgrund einer Behinderung spezielle Software verwenden.<\/p><p>Jegliches geistiges Eigentumsrecht an Inhalten auf dieser Website ist im Besitz von Ovidiu Cracut.<\/p><p>Das Kopieren, Verbreiten oder jede andere Nutzung dieser Materialien ist ohne die schriftliche Genehmigung von Ovidiu Cracut nicht gestattet, sofern in geltendem Gesetz nicht anders vereinbart oder ausgenommen (wie etwa das Recht zu zitieren), solang der spezifische Inhalt nichts anderes vorschreibt.<\/p><p>Wenn Sie Fragen oder Probleme mit der Verf\u00fcgbarkeit der Website haben, z\u00f6gern Sie nicht, uns zu kontaktieren.<\/p><\/div>","protected":false},"excerpt":{"rendered":"","protected":false},"author":1,"featured_media":0,"parent":0,"menu_order":0,"comment_status":"closed","ping_status":"closed","template":"","meta":{"_et_pb_use_builder":"","_et_pb_old_content":"","_et_gb_content_width":"","footnotes":""},"class_list":["post-343","page","type-page","status-publish","hentry"],"_links":{"self":[{"href":"https:\/\/the-farmers.de\/de\/wp-json\/wp\/v2\/pages\/343","targetHints":{"allow":["GET"]}}],"collection":[{"href":"https:\/\/the-farmers.de\/de\/wp-json\/wp\/v2\/pages"}],"about":[{"href":"https:\/\/the-farmers.de\/de\/wp-json\/wp\/v2\/types\/page"}],"author":[{"embeddable":true,"href":"https:\/\/the-farmers.de\/de\/wp-json\/wp\/v2\/users\/1"}],"replies":[{"embeddable":true,"href":"https:\/\/the-farmers.de\/de\/wp-json\/wp\/v2\/comments?post=343"}],"version-history":[{"count":1,"href":"https:\/\/the-farmers.de\/de\/wp-json\/wp\/v2\/pages\/343\/revisions"}],"predecessor-version":[{"id":347,"href":"https:\/\/the-farmers.de\/de\/wp-json\/wp\/v2\/pages\/343\/revisions\/347"}],"wp:attachment":[{"href":"https:\/\/the-farmers.de\/de\/wp-json\/wp\/v2\/media?parent=343"}],"curies":[{"name":"wp","href":"https:\/\/api.w.org\/{rel}","templated":true}]}}